{"id":112796,"date":"2025-11-24T18:33:29","date_gmt":"2025-11-24T17:33:29","guid":{"rendered":"https:\/\/markprintstudio.com\/producto\/speeder\/"},"modified":"2026-01-07T14:50:57","modified_gmt":"2026-01-07T13:50:57","slug":"speeder","status":"publish","type":"product","link":"https:\/\/markprintstudio.com\/en\/producto\/speeder\/","title":{"rendered":"Speeder"},"content":{"rendered":"<p>Manga pegada<br \/>\nEspalda m\u00e1s larga con bajo curvado para mayor protecci\u00f3n<br \/>\nBajo con tope de pl\u00e1stico ajustable y cord\u00f3n el\u00e1stico<br \/>\nVisera impermeable<br \/>\nCapucha forrada con tope de pl\u00e1stico ajustable y cord\u00f3n el\u00e1stico en el interior<br \/>\nCremallera de nylon invertida en zona central delantera con protector de barbilla<br \/>\nBolsillos de ojal con cremallera y cierre de grogr\u00e9n<br \/>\nSolapa delantera y trasera<br \/>\nPu\u00f1o el\u00e1stico<br \/>\nMedia luna interior en tejido principal<br \/>\nCremallera en el bajo y cierre en la sisa para que el pecho quede a medida<\/p>\n","protected":false},"excerpt":{"rendered":"<p>El cortavientos unisex<\/p>\n","protected":false},"featured_media":112797,"template":"","meta":[],"product_brand":[],"product_cat":[19],"product_tag":[],"class_list":{"0":"post-112796","1":"product","2":"type-product","3":"status-publish","4":"has-post-thumbnail","6":"product_cat-prendas-de-exterior","8":"first","9":"instock","10":"taxable","11":"shipping-taxable","12":"purchasable","13":"product-type-variable"},"yoast_head":"<!-- This site is optimized with the Yoast SEO plugin v26.9 - https:\/\/yoast.com\/product\/yoast-seo-wordpress\/ -->\n<title>Speeder - MarkPrintStudio<\/title>\n<meta name=\"robots\" content=\"index, follow, max-snippet:-1, max-image-preview:large, max-video-preview:-1\" \/>\n<link rel=\"canonical\" href=\"https:\/\/markprintstudio.com\/en\/producto\/speeder\/\" \/>\n<meta property=\"og:locale\" content=\"en_US\" \/>\n<meta property=\"og:type\" content=\"article\" \/>\n<meta property=\"og:title\" content=\"Speeder - MarkPrintStudio\" \/>\n<meta property=\"og:description\" content=\"El cortavientos unisex\" \/>\n<meta property=\"og:url\" content=\"https:\/\/markprintstudio.com\/en\/producto\/speeder\/\" \/>\n<meta property=\"og:site_name\" content=\"MarkPrintStudio\" \/>\n<meta property=\"article:modified_time\" content=\"2026-01-07T13:50:57+00:00\" \/>\n<meta name=\"twitter:card\" content=\"summary_large_image\" \/>\n<script type=\"application\/ld+json\" class=\"yoast-schema-graph\">{\"@context\":\"https:\/\/schema.org\",\"@graph\":[{\"@type\":\"WebPage\",\"@id\":\"https:\/\/markprintstudio.com\/en\/producto\/speeder\/\",\"url\":\"https:\/\/markprintstudio.com\/en\/producto\/speeder\/\",\"name\":\"Speeder - MarkPrintStudio\",\"isPartOf\":{\"@id\":\"https:\/\/markprintstudio.com\/en\/#website\"},\"primaryImageOfPage\":{\"@id\":\"https:\/\/markprintstudio.com\/en\/producto\/speeder\/#primaryimage\"},\"image\":{\"@id\":\"https:\/\/markprintstudio.com\/en\/producto\/speeder\/#primaryimage\"},\"thumbnailUrl\":\"https:\/\/markprintstudio.com\/wp-content\/uploads\/2025\/11\/SFM0_STJU834_C068.jpg\",\"datePublished\":\"2025-11-24T17:33:29+00:00\",\"dateModified\":\"2026-01-07T13:50:57+00:00\",\"breadcrumb\":{\"@id\":\"https:\/\/markprintstudio.com\/en\/producto\/speeder\/#breadcrumb\"},\"inLanguage\":\"en-US\",\"potentialAction\":[{\"@type\":\"ReadAction\",\"target\":[\"https:\/\/markprintstudio.com\/en\/producto\/speeder\/\"]}]},{\"@type\":\"ImageObject\",\"inLanguage\":\"en-US\",\"@id\":\"https:\/\/markprintstudio.com\/en\/producto\/speeder\/#primaryimage\",\"url\":\"https:\/\/markprintstudio.com\/wp-content\/uploads\/2025\/11\/SFM0_STJU834_C068.jpg\",\"contentUrl\":\"https:\/\/markprintstudio.com\/wp-content\/uploads\/2025\/11\/SFM0_STJU834_C068.jpg\",\"width\":1500,\"height\":1875,\"caption\":\"Imagen de Sfm0 stju834 c068\"},{\"@type\":\"BreadcrumbList\",\"@id\":\"https:\/\/markprintstudio.com\/en\/producto\/speeder\/#breadcrumb\",\"itemListElement\":[{\"@type\":\"ListItem\",\"position\":1,\"name\":\"Portada\",\"item\":\"https:\/\/markprintstudio.com\/en\/\"},{\"@type\":\"ListItem\",\"position\":2,\"name\":\"Tienda\",\"item\":\"https:\/\/markprintstudio.com\/tienda\/\"},{\"@type\":\"ListItem\",\"position\":3,\"name\":\"Speeder\"}]},{\"@type\":\"WebSite\",\"@id\":\"https:\/\/markprintstudio.com\/en\/#website\",\"url\":\"https:\/\/markprintstudio.com\/en\/\",\"name\":\"MarkPrintStudio\",\"description\":\"Personalizaci\u00f3n para ropa corporativa, merchandising, uniformes y m\u00e1s.\",\"potentialAction\":[{\"@type\":\"SearchAction\",\"target\":{\"@type\":\"EntryPoint\",\"urlTemplate\":\"https:\/\/markprintstudio.com\/en\/?s={search_term_string}\"},\"query-input\":{\"@type\":\"PropertyValueSpecification\",\"valueRequired\":true,\"valueName\":\"search_term_string\"}}],\"inLanguage\":\"en-US\"}]}<\/script>\n<!-- \/ Yoast SEO plugin. -->","yoast_head_json":{"title":"Speeder - MarkPrintStudio","robots":{"index":"index","follow":"follow","max-snippet":"max-snippet:-1","max-image-preview":"max-image-preview:large","max-video-preview":"max-video-preview:-1"},"canonical":"https:\/\/markprintstudio.com\/en\/producto\/speeder\/","og_locale":"en_US","og_type":"article","og_title":"Speeder - MarkPrintStudio","og_description":"El cortavientos unisex","og_url":"https:\/\/markprintstudio.com\/en\/producto\/speeder\/","og_site_name":"MarkPrintStudio","article_modified_time":"2026-01-07T13:50:57+00:00","twitter_card":"summary_large_image","schema":{"@context":"https:\/\/schema.org","@graph":[{"@type":"WebPage","@id":"https:\/\/markprintstudio.com\/en\/producto\/speeder\/","url":"https:\/\/markprintstudio.com\/en\/producto\/speeder\/","name":"Speeder - MarkPrintStudio","isPartOf":{"@id":"https:\/\/markprintstudio.com\/en\/#website"},"primaryImageOfPage":{"@id":"https:\/\/markprintstudio.com\/en\/producto\/speeder\/#primaryimage"},"image":{"@id":"https:\/\/markprintstudio.com\/en\/producto\/speeder\/#primaryimage"},"thumbnailUrl":"https:\/\/markprintstudio.com\/wp-content\/uploads\/2025\/11\/SFM0_STJU834_C068.jpg","datePublished":"2025-11-24T17:33:29+00:00","dateModified":"2026-01-07T13:50:57+00:00","breadcrumb":{"@id":"https:\/\/markprintstudio.com\/en\/producto\/speeder\/#breadcrumb"},"inLanguage":"en-US","potentialAction":[{"@type":"ReadAction","target":["https:\/\/markprintstudio.com\/en\/producto\/speeder\/"]}]},{"@type":"ImageObject","inLanguage":"en-US","@id":"https:\/\/markprintstudio.com\/en\/producto\/speeder\/#primaryimage","url":"https:\/\/markprintstudio.com\/wp-content\/uploads\/2025\/11\/SFM0_STJU834_C068.jpg","contentUrl":"https:\/\/markprintstudio.com\/wp-content\/uploads\/2025\/11\/SFM0_STJU834_C068.jpg","width":1500,"height":1875,"caption":"Imagen de Sfm0 stju834 c068"},{"@type":"BreadcrumbList","@id":"https:\/\/markprintstudio.com\/en\/producto\/speeder\/#breadcrumb","itemListElement":[{"@type":"ListItem","position":1,"name":"Portada","item":"https:\/\/markprintstudio.com\/en\/"},{"@type":"ListItem","position":2,"name":"Tienda","item":"https:\/\/markprintstudio.com\/tienda\/"},{"@type":"ListItem","position":3,"name":"Speeder"}]},{"@type":"WebSite","@id":"https:\/\/markprintstudio.com\/en\/#website","url":"https:\/\/markprintstudio.com\/en\/","name":"MarkPrintStudio","description":"Personalizaci\u00f3n para ropa corporativa, merchandising, uniformes y m\u00e1s.","potentialAction":[{"@type":"SearchAction","target":{"@type":"EntryPoint","urlTemplate":"https:\/\/markprintstudio.com\/en\/?s={search_term_string}"},"query-input":{"@type":"PropertyValueSpecification","valueRequired":true,"valueName":"search_term_string"}}],"inLanguage":"en-US"}]}},"_links":{"self":[{"href":"https:\/\/markprintstudio.com\/en\/wp-json\/wp\/v2\/product\/112796","targetHints":{"allow":["GET"]}}],"collection":[{"href":"https:\/\/markprintstudio.com\/en\/wp-json\/wp\/v2\/product"}],"about":[{"href":"https:\/\/markprintstudio.com\/en\/wp-json\/wp\/v2\/types\/product"}],"wp:featuredmedia":[{"embeddable":true,"href":"https:\/\/markprintstudio.com\/en\/wp-json\/wp\/v2\/media\/112797"}],"wp:attachment":[{"href":"https:\/\/markprintstudio.com\/en\/wp-json\/wp\/v2\/media?parent=112796"}],"wp:term":[{"taxonomy":"product_brand","embeddable":true,"href":"https:\/\/markprintstudio.com\/en\/wp-json\/wp\/v2\/product_brand?post=112796"},{"taxonomy":"product_cat","embeddable":true,"href":"https:\/\/markprintstudio.com\/en\/wp-json\/wp\/v2\/product_cat?post=112796"},{"taxonomy":"product_tag","embeddable":true,"href":"https:\/\/markprintstudio.com\/en\/wp-json\/wp\/v2\/product_tag?post=112796"}],"curies":[{"name":"wp","href":"https:\/\/api.w.org\/{rel}","templated":true}]}}