{"id":112142,"date":"2025-11-24T18:28:18","date_gmt":"2025-11-24T17:28:18","guid":{"rendered":"https:\/\/markprintstudio.com\/producto\/stanley-voyager-wool-like\/"},"modified":"2026-01-07T14:50:59","modified_gmt":"2026-01-07T13:50:59","slug":"stanley-voyager-wool-like","status":"publish","type":"product","link":"https:\/\/markprintstudio.com\/en\/producto\/stanley-voyager-wool-like\/","title":{"rendered":"Stanley Voyager Wool-Like"},"content":{"rendered":"<p>Manga pegada<br \/>\nCuello alto con capucha desmontable con cierres met\u00e1licos ocultos en acabado mate<br \/>\nAbertura de la capucha y del bajo con tope de pl\u00e1stico ajustable y cord\u00f3n el\u00e1stico<br \/>\nCremallera central delantera de nylon invertida<br \/>\nBolsillos de ojal con cremallera y tirador de grogr\u00e9n<br \/>\nEnteramente acolchada<br \/>\nPiezas laterales para mejorar el corte<br \/>\nCanal\u00e9 suave 1&#215;1 en pu\u00f1o<br \/>\nCosturas interiores ribeteadas<\/p>\n","protected":false},"excerpt":{"rendered":"<p>La chaqueta acolchada con tacto de lana para hombre<\/p>\n","protected":false},"featured_media":112143,"template":"","meta":[],"product_brand":[],"product_cat":[19],"product_tag":[],"class_list":{"0":"post-112142","1":"product","2":"type-product","3":"status-publish","4":"has-post-thumbnail","6":"product_cat-prendas-de-exterior","8":"first","9":"instock","10":"taxable","11":"shipping-taxable","12":"purchasable","13":"product-type-variable"},"yoast_head":"<!-- This site is optimized with the Yoast SEO plugin v26.9 - https:\/\/yoast.com\/product\/yoast-seo-wordpress\/ -->\n<title>Stanley Voyager Wool-Like - MarkPrintStudio<\/title>\n<meta name=\"robots\" content=\"index, follow, max-snippet:-1, max-image-preview:large, max-video-preview:-1\" \/>\n<link rel=\"canonical\" href=\"https:\/\/markprintstudio.com\/en\/producto\/stanley-voyager-wool-like\/\" \/>\n<meta property=\"og:locale\" content=\"en_US\" \/>\n<meta property=\"og:type\" content=\"article\" \/>\n<meta property=\"og:title\" content=\"Stanley Voyager Wool-Like - MarkPrintStudio\" \/>\n<meta property=\"og:description\" content=\"La chaqueta acolchada con tacto de lana para hombre\" \/>\n<meta property=\"og:url\" content=\"https:\/\/markprintstudio.com\/en\/producto\/stanley-voyager-wool-like\/\" \/>\n<meta property=\"og:site_name\" content=\"MarkPrintStudio\" \/>\n<meta property=\"article:modified_time\" content=\"2026-01-07T13:50:59+00:00\" \/>\n<meta name=\"twitter:card\" content=\"summary_large_image\" \/>\n<script type=\"application\/ld+json\" class=\"yoast-schema-graph\">{\"@context\":\"https:\/\/schema.org\",\"@graph\":[{\"@type\":\"WebPage\",\"@id\":\"https:\/\/markprintstudio.com\/en\/producto\/stanley-voyager-wool-like\/\",\"url\":\"https:\/\/markprintstudio.com\/en\/producto\/stanley-voyager-wool-like\/\",\"name\":\"Stanley Voyager Wool-Like - MarkPrintStudio\",\"isPartOf\":{\"@id\":\"https:\/\/markprintstudio.com\/en\/#website\"},\"primaryImageOfPage\":{\"@id\":\"https:\/\/markprintstudio.com\/en\/producto\/stanley-voyager-wool-like\/#primaryimage\"},\"image\":{\"@id\":\"https:\/\/markprintstudio.com\/en\/producto\/stanley-voyager-wool-like\/#primaryimage\"},\"thumbnailUrl\":\"https:\/\/markprintstudio.com\/wp-content\/uploads\/2025\/11\/SFM0_STJM889_C651.jpg\",\"datePublished\":\"2025-11-24T17:28:18+00:00\",\"dateModified\":\"2026-01-07T13:50:59+00:00\",\"breadcrumb\":{\"@id\":\"https:\/\/markprintstudio.com\/en\/producto\/stanley-voyager-wool-like\/#breadcrumb\"},\"inLanguage\":\"en-US\",\"potentialAction\":[{\"@type\":\"ReadAction\",\"target\":[\"https:\/\/markprintstudio.com\/en\/producto\/stanley-voyager-wool-like\/\"]}]},{\"@type\":\"ImageObject\",\"inLanguage\":\"en-US\",\"@id\":\"https:\/\/markprintstudio.com\/en\/producto\/stanley-voyager-wool-like\/#primaryimage\",\"url\":\"https:\/\/markprintstudio.com\/wp-content\/uploads\/2025\/11\/SFM0_STJM889_C651.jpg\",\"contentUrl\":\"https:\/\/markprintstudio.com\/wp-content\/uploads\/2025\/11\/SFM0_STJM889_C651.jpg\",\"width\":1500,\"height\":1875,\"caption\":\"Imagen de Sfm0 stjm889 c651\"},{\"@type\":\"BreadcrumbList\",\"@id\":\"https:\/\/markprintstudio.com\/en\/producto\/stanley-voyager-wool-like\/#breadcrumb\",\"itemListElement\":[{\"@type\":\"ListItem\",\"position\":1,\"name\":\"Portada\",\"item\":\"https:\/\/markprintstudio.com\/en\/\"},{\"@type\":\"ListItem\",\"position\":2,\"name\":\"Tienda\",\"item\":\"https:\/\/markprintstudio.com\/tienda\/\"},{\"@type\":\"ListItem\",\"position\":3,\"name\":\"Stanley Voyager Wool-Like\"}]},{\"@type\":\"WebSite\",\"@id\":\"https:\/\/markprintstudio.com\/en\/#website\",\"url\":\"https:\/\/markprintstudio.com\/en\/\",\"name\":\"MarkPrintStudio\",\"description\":\"Personalizaci\u00f3n para ropa corporativa, merchandising, uniformes y m\u00e1s.\",\"potentialAction\":[{\"@type\":\"SearchAction\",\"target\":{\"@type\":\"EntryPoint\",\"urlTemplate\":\"https:\/\/markprintstudio.com\/en\/?s={search_term_string}\"},\"query-input\":{\"@type\":\"PropertyValueSpecification\",\"valueRequired\":true,\"valueName\":\"search_term_string\"}}],\"inLanguage\":\"en-US\"}]}<\/script>\n<!-- \/ Yoast SEO plugin. -->","yoast_head_json":{"title":"Stanley Voyager Wool-Like - MarkPrintStudio","robots":{"index":"index","follow":"follow","max-snippet":"max-snippet:-1","max-image-preview":"max-image-preview:large","max-video-preview":"max-video-preview:-1"},"canonical":"https:\/\/markprintstudio.com\/en\/producto\/stanley-voyager-wool-like\/","og_locale":"en_US","og_type":"article","og_title":"Stanley Voyager Wool-Like - MarkPrintStudio","og_description":"La chaqueta acolchada con tacto de lana para hombre","og_url":"https:\/\/markprintstudio.com\/en\/producto\/stanley-voyager-wool-like\/","og_site_name":"MarkPrintStudio","article_modified_time":"2026-01-07T13:50:59+00:00","twitter_card":"summary_large_image","schema":{"@context":"https:\/\/schema.org","@graph":[{"@type":"WebPage","@id":"https:\/\/markprintstudio.com\/en\/producto\/stanley-voyager-wool-like\/","url":"https:\/\/markprintstudio.com\/en\/producto\/stanley-voyager-wool-like\/","name":"Stanley Voyager Wool-Like - MarkPrintStudio","isPartOf":{"@id":"https:\/\/markprintstudio.com\/en\/#website"},"primaryImageOfPage":{"@id":"https:\/\/markprintstudio.com\/en\/producto\/stanley-voyager-wool-like\/#primaryimage"},"image":{"@id":"https:\/\/markprintstudio.com\/en\/producto\/stanley-voyager-wool-like\/#primaryimage"},"thumbnailUrl":"https:\/\/markprintstudio.com\/wp-content\/uploads\/2025\/11\/SFM0_STJM889_C651.jpg","datePublished":"2025-11-24T17:28:18+00:00","dateModified":"2026-01-07T13:50:59+00:00","breadcrumb":{"@id":"https:\/\/markprintstudio.com\/en\/producto\/stanley-voyager-wool-like\/#breadcrumb"},"inLanguage":"en-US","potentialAction":[{"@type":"ReadAction","target":["https:\/\/markprintstudio.com\/en\/producto\/stanley-voyager-wool-like\/"]}]},{"@type":"ImageObject","inLanguage":"en-US","@id":"https:\/\/markprintstudio.com\/en\/producto\/stanley-voyager-wool-like\/#primaryimage","url":"https:\/\/markprintstudio.com\/wp-content\/uploads\/2025\/11\/SFM0_STJM889_C651.jpg","contentUrl":"https:\/\/markprintstudio.com\/wp-content\/uploads\/2025\/11\/SFM0_STJM889_C651.jpg","width":1500,"height":1875,"caption":"Imagen de Sfm0 stjm889 c651"},{"@type":"BreadcrumbList","@id":"https:\/\/markprintstudio.com\/en\/producto\/stanley-voyager-wool-like\/#breadcrumb","itemListElement":[{"@type":"ListItem","position":1,"name":"Portada","item":"https:\/\/markprintstudio.com\/en\/"},{"@type":"ListItem","position":2,"name":"Tienda","item":"https:\/\/markprintstudio.com\/tienda\/"},{"@type":"ListItem","position":3,"name":"Stanley Voyager Wool-Like"}]},{"@type":"WebSite","@id":"https:\/\/markprintstudio.com\/en\/#website","url":"https:\/\/markprintstudio.com\/en\/","name":"MarkPrintStudio","description":"Personalizaci\u00f3n para ropa corporativa, merchandising, uniformes y m\u00e1s.","potentialAction":[{"@type":"SearchAction","target":{"@type":"EntryPoint","urlTemplate":"https:\/\/markprintstudio.com\/en\/?s={search_term_string}"},"query-input":{"@type":"PropertyValueSpecification","valueRequired":true,"valueName":"search_term_string"}}],"inLanguage":"en-US"}]}},"_links":{"self":[{"href":"https:\/\/markprintstudio.com\/en\/wp-json\/wp\/v2\/product\/112142","targetHints":{"allow":["GET"]}}],"collection":[{"href":"https:\/\/markprintstudio.com\/en\/wp-json\/wp\/v2\/product"}],"about":[{"href":"https:\/\/markprintstudio.com\/en\/wp-json\/wp\/v2\/types\/product"}],"wp:featuredmedia":[{"embeddable":true,"href":"https:\/\/markprintstudio.com\/en\/wp-json\/wp\/v2\/media\/112143"}],"wp:attachment":[{"href":"https:\/\/markprintstudio.com\/en\/wp-json\/wp\/v2\/media?parent=112142"}],"wp:term":[{"taxonomy":"product_brand","embeddable":true,"href":"https:\/\/markprintstudio.com\/en\/wp-json\/wp\/v2\/product_brand?post=112142"},{"taxonomy":"product_cat","embeddable":true,"href":"https:\/\/markprintstudio.com\/en\/wp-json\/wp\/v2\/product_cat?post=112142"},{"taxonomy":"product_tag","embeddable":true,"href":"https:\/\/markprintstudio.com\/en\/wp-json\/wp\/v2\/product_tag?post=112142"}],"curies":[{"name":"wp","href":"https:\/\/api.w.org\/{rel}","templated":true}]}}