{"id":108508,"date":"2025-11-24T18:06:23","date_gmt":"2025-11-24T17:06:23","guid":{"rendered":"https:\/\/markprintstudio.com\/producto\/stanley-trail-blazer\/"},"modified":"2026-01-07T14:50:58","modified_gmt":"2026-01-07T13:50:58","slug":"stanley-trail-blazer","status":"publish","type":"product","link":"https:\/\/markprintstudio.com\/en\/producto\/stanley-trail-blazer\/","title":{"rendered":"Stanley Trail Blazer"},"content":{"rendered":"<p>Cuello alto<br \/>\nDobladillo inferior con tope ajustable de pl\u00e1stico y cord\u00f3n el\u00e1stico<br \/>\nCierre de nylon invertido en el frente central<br \/>\nBolsillos welt exteriores con cierre y tirador el\u00e1stico reflectante<br \/>\nTejido de 3 capas totalmente termosellado con membrana de TPU reciclada y forro interior polar anti-pilling<br \/>\nPaneles laterales y estiramiento para mejor forma<br \/>\nCosturas interiores acabadas con ribete reciclado<br \/>\nRepelente al agua hasta 10.000 mm con acabado Bionic Eco DWR<br \/>\nTranspirable hasta 3.000 g\/m\u00b2\/24h y cortavientos<\/p>\n","protected":false},"excerpt":{"rendered":"<p>La chaqueta softshell sin mangas para hombre<\/p>\n","protected":false},"featured_media":108509,"template":"","meta":[],"product_brand":[],"product_cat":[19],"product_tag":[],"class_list":{"0":"post-108508","1":"product","2":"type-product","3":"status-publish","4":"has-post-thumbnail","6":"product_cat-prendas-de-exterior","8":"first","9":"instock","10":"taxable","11":"shipping-taxable","12":"purchasable","13":"product-type-variable"},"yoast_head":"<!-- This site is optimized with the Yoast SEO plugin v26.9 - https:\/\/yoast.com\/product\/yoast-seo-wordpress\/ -->\n<title>Stanley Trail Blazer - MarkPrintStudio<\/title>\n<meta name=\"robots\" content=\"index, follow, max-snippet:-1, max-image-preview:large, max-video-preview:-1\" \/>\n<link rel=\"canonical\" href=\"https:\/\/markprintstudio.com\/en\/producto\/stanley-trail-blazer\/\" \/>\n<meta property=\"og:locale\" content=\"en_US\" \/>\n<meta property=\"og:type\" content=\"article\" \/>\n<meta property=\"og:title\" content=\"Stanley Trail Blazer - MarkPrintStudio\" \/>\n<meta property=\"og:description\" content=\"La chaqueta softshell sin mangas para hombre\" \/>\n<meta property=\"og:url\" content=\"https:\/\/markprintstudio.com\/en\/producto\/stanley-trail-blazer\/\" \/>\n<meta property=\"og:site_name\" content=\"MarkPrintStudio\" \/>\n<meta property=\"article:modified_time\" content=\"2026-01-07T13:50:58+00:00\" \/>\n<meta name=\"twitter:card\" content=\"summary_large_image\" \/>\n<script type=\"application\/ld+json\" class=\"yoast-schema-graph\">{\"@context\":\"https:\/\/schema.org\",\"@graph\":[{\"@type\":\"WebPage\",\"@id\":\"https:\/\/markprintstudio.com\/en\/producto\/stanley-trail-blazer\/\",\"url\":\"https:\/\/markprintstudio.com\/en\/producto\/stanley-trail-blazer\/\",\"name\":\"Stanley Trail Blazer - MarkPrintStudio\",\"isPartOf\":{\"@id\":\"https:\/\/markprintstudio.com\/en\/#website\"},\"primaryImageOfPage\":{\"@id\":\"https:\/\/markprintstudio.com\/en\/producto\/stanley-trail-blazer\/#primaryimage\"},\"image\":{\"@id\":\"https:\/\/markprintstudio.com\/en\/producto\/stanley-trail-blazer\/#primaryimage\"},\"thumbnailUrl\":\"https:\/\/markprintstudio.com\/wp-content\/uploads\/2025\/11\/SFM0_STJM235_C002.jpg\",\"datePublished\":\"2025-11-24T17:06:23+00:00\",\"dateModified\":\"2026-01-07T13:50:58+00:00\",\"breadcrumb\":{\"@id\":\"https:\/\/markprintstudio.com\/en\/producto\/stanley-trail-blazer\/#breadcrumb\"},\"inLanguage\":\"en-US\",\"potentialAction\":[{\"@type\":\"ReadAction\",\"target\":[\"https:\/\/markprintstudio.com\/en\/producto\/stanley-trail-blazer\/\"]}]},{\"@type\":\"ImageObject\",\"inLanguage\":\"en-US\",\"@id\":\"https:\/\/markprintstudio.com\/en\/producto\/stanley-trail-blazer\/#primaryimage\",\"url\":\"https:\/\/markprintstudio.com\/wp-content\/uploads\/2025\/11\/SFM0_STJM235_C002.jpg\",\"contentUrl\":\"https:\/\/markprintstudio.com\/wp-content\/uploads\/2025\/11\/SFM0_STJM235_C002.jpg\",\"width\":1500,\"height\":1875,\"caption\":\"Imagen de Sfm0 stjm235 c002\"},{\"@type\":\"BreadcrumbList\",\"@id\":\"https:\/\/markprintstudio.com\/en\/producto\/stanley-trail-blazer\/#breadcrumb\",\"itemListElement\":[{\"@type\":\"ListItem\",\"position\":1,\"name\":\"Portada\",\"item\":\"https:\/\/markprintstudio.com\/en\/\"},{\"@type\":\"ListItem\",\"position\":2,\"name\":\"Tienda\",\"item\":\"https:\/\/markprintstudio.com\/tienda\/\"},{\"@type\":\"ListItem\",\"position\":3,\"name\":\"Stanley Trail Blazer\"}]},{\"@type\":\"WebSite\",\"@id\":\"https:\/\/markprintstudio.com\/en\/#website\",\"url\":\"https:\/\/markprintstudio.com\/en\/\",\"name\":\"MarkPrintStudio\",\"description\":\"Personalizaci\u00f3n para ropa corporativa, merchandising, uniformes y m\u00e1s.\",\"potentialAction\":[{\"@type\":\"SearchAction\",\"target\":{\"@type\":\"EntryPoint\",\"urlTemplate\":\"https:\/\/markprintstudio.com\/en\/?s={search_term_string}\"},\"query-input\":{\"@type\":\"PropertyValueSpecification\",\"valueRequired\":true,\"valueName\":\"search_term_string\"}}],\"inLanguage\":\"en-US\"}]}<\/script>\n<!-- \/ Yoast SEO plugin. -->","yoast_head_json":{"title":"Stanley Trail Blazer - MarkPrintStudio","robots":{"index":"index","follow":"follow","max-snippet":"max-snippet:-1","max-image-preview":"max-image-preview:large","max-video-preview":"max-video-preview:-1"},"canonical":"https:\/\/markprintstudio.com\/en\/producto\/stanley-trail-blazer\/","og_locale":"en_US","og_type":"article","og_title":"Stanley Trail Blazer - MarkPrintStudio","og_description":"La chaqueta softshell sin mangas para hombre","og_url":"https:\/\/markprintstudio.com\/en\/producto\/stanley-trail-blazer\/","og_site_name":"MarkPrintStudio","article_modified_time":"2026-01-07T13:50:58+00:00","twitter_card":"summary_large_image","schema":{"@context":"https:\/\/schema.org","@graph":[{"@type":"WebPage","@id":"https:\/\/markprintstudio.com\/en\/producto\/stanley-trail-blazer\/","url":"https:\/\/markprintstudio.com\/en\/producto\/stanley-trail-blazer\/","name":"Stanley Trail Blazer - MarkPrintStudio","isPartOf":{"@id":"https:\/\/markprintstudio.com\/en\/#website"},"primaryImageOfPage":{"@id":"https:\/\/markprintstudio.com\/en\/producto\/stanley-trail-blazer\/#primaryimage"},"image":{"@id":"https:\/\/markprintstudio.com\/en\/producto\/stanley-trail-blazer\/#primaryimage"},"thumbnailUrl":"https:\/\/markprintstudio.com\/wp-content\/uploads\/2025\/11\/SFM0_STJM235_C002.jpg","datePublished":"2025-11-24T17:06:23+00:00","dateModified":"2026-01-07T13:50:58+00:00","breadcrumb":{"@id":"https:\/\/markprintstudio.com\/en\/producto\/stanley-trail-blazer\/#breadcrumb"},"inLanguage":"en-US","potentialAction":[{"@type":"ReadAction","target":["https:\/\/markprintstudio.com\/en\/producto\/stanley-trail-blazer\/"]}]},{"@type":"ImageObject","inLanguage":"en-US","@id":"https:\/\/markprintstudio.com\/en\/producto\/stanley-trail-blazer\/#primaryimage","url":"https:\/\/markprintstudio.com\/wp-content\/uploads\/2025\/11\/SFM0_STJM235_C002.jpg","contentUrl":"https:\/\/markprintstudio.com\/wp-content\/uploads\/2025\/11\/SFM0_STJM235_C002.jpg","width":1500,"height":1875,"caption":"Imagen de Sfm0 stjm235 c002"},{"@type":"BreadcrumbList","@id":"https:\/\/markprintstudio.com\/en\/producto\/stanley-trail-blazer\/#breadcrumb","itemListElement":[{"@type":"ListItem","position":1,"name":"Portada","item":"https:\/\/markprintstudio.com\/en\/"},{"@type":"ListItem","position":2,"name":"Tienda","item":"https:\/\/markprintstudio.com\/tienda\/"},{"@type":"ListItem","position":3,"name":"Stanley Trail Blazer"}]},{"@type":"WebSite","@id":"https:\/\/markprintstudio.com\/en\/#website","url":"https:\/\/markprintstudio.com\/en\/","name":"MarkPrintStudio","description":"Personalizaci\u00f3n para ropa corporativa, merchandising, uniformes y m\u00e1s.","potentialAction":[{"@type":"SearchAction","target":{"@type":"EntryPoint","urlTemplate":"https:\/\/markprintstudio.com\/en\/?s={search_term_string}"},"query-input":{"@type":"PropertyValueSpecification","valueRequired":true,"valueName":"search_term_string"}}],"inLanguage":"en-US"}]}},"_links":{"self":[{"href":"https:\/\/markprintstudio.com\/en\/wp-json\/wp\/v2\/product\/108508","targetHints":{"allow":["GET"]}}],"collection":[{"href":"https:\/\/markprintstudio.com\/en\/wp-json\/wp\/v2\/product"}],"about":[{"href":"https:\/\/markprintstudio.com\/en\/wp-json\/wp\/v2\/types\/product"}],"wp:featuredmedia":[{"embeddable":true,"href":"https:\/\/markprintstudio.com\/en\/wp-json\/wp\/v2\/media\/108509"}],"wp:attachment":[{"href":"https:\/\/markprintstudio.com\/en\/wp-json\/wp\/v2\/media?parent=108508"}],"wp:term":[{"taxonomy":"product_brand","embeddable":true,"href":"https:\/\/markprintstudio.com\/en\/wp-json\/wp\/v2\/product_brand?post=108508"},{"taxonomy":"product_cat","embeddable":true,"href":"https:\/\/markprintstudio.com\/en\/wp-json\/wp\/v2\/product_cat?post=108508"},{"taxonomy":"product_tag","embeddable":true,"href":"https:\/\/markprintstudio.com\/en\/wp-json\/wp\/v2\/product_tag?post=108508"}],"curies":[{"name":"wp","href":"https:\/\/api.w.org\/{rel}","templated":true}]}}